{"id":84,"date":"2025-06-19T01:08:47","date_gmt":"2025-06-19T01:08:47","guid":{"rendered":"https:\/\/belhouse.uy\/wordpress\/?page_id=84"},"modified":"2025-06-20T21:16:48","modified_gmt":"2025-06-21T00:16:48","slug":"contactanos","status":"publish","type":"page","link":"https:\/\/belhouse.uy\/index.php\/contactanos\/","title":{"rendered":"Contactanos"},"content":{"rendered":"<div class=\"is-divider divider clearfix\" ><\/div>\n<div class=\"row\"  id=\"row-1172440614\">\n\n\t<div id=\"col-1446370611\" class=\"col medium-4 small-12 large-4 col-divided\"  >\n\t\t\t\t<div class=\"col-inner text-left\"  >\n\t\t\t\n\t\t\t\n\t<div id=\"text-528242005\" class=\"text\">\n\t\t\n<link rel=\"stylesheet\" href=\"https:\/\/cdnjs.cloudflare.com\/ajax\/libs\/font-awesome\/6.5.0\/css\/all.min.css\">\n<p><i class=\"fa-regular fa-pen-to-square\"><\/i> Complet\u00e1 el formulario con tus datos personales y contanos, con el mayor detalle posible, qu\u00e9 tipo de servicio est\u00e1s buscando.<\/p>\n\t\t\n<style>\n#text-528242005 {\n  font-size: 1.05rem;\n  line-height: 1.2;\n}\n<\/style>\n\t<\/div>\n\t\n\t\t<\/div>\n\t\t\t\t\t<\/div>\n\n\t\n\n\t<div id=\"col-1185638403\" class=\"col medium-4 small-12 large-4\"  >\n\t\t\t\t<div class=\"col-inner\"  >\n\t\t\t\n\t\t\t\n\t<div id=\"text-3415104477\" class=\"text\">\n\t\t\n<p><i class=\"fa-regular fa-calendar-check\"><\/i>    Programaremos una visita para evaluar el lugar, lo que nos permitir\u00e1 elaborar un presupuesto que se adapte a tus necesidades reales.<\/p>\n\t\t\n<style>\n#text-3415104477 {\n  line-height: 1.2;\n}\n<\/style>\n\t<\/div>\n\t\n\t\t<\/div>\n\t\t\t\t\t<\/div>\n\n\t\n\n\t<div id=\"col-1292191754\" class=\"col medium-4 small-12 large-4\"  >\n\t\t\t\t<div class=\"col-inner\"  >\n\t\t\t\n\t\t\t\n\t<div id=\"text-1151586697\" class=\"text\">\n\t\t\n<p><i class=\"fa-regular fa-message\"><\/i> Te enviaremos el presupuesto acorde con el detalle de nuestro, nuestras tarifas y coordinaremos los pasos a seguir seg\u00fan el trabajo que se requiera.<\/p>\n\t\t\n<style>\n#text-1151586697 {\n  line-height: 1.2;\n}\n<\/style>\n\t<\/div>\n\t\n\t\t<\/div>\n\t\t\t\t\t<\/div>\n\n\t\n<\/div>\n<div class=\"row row-small\"  id=\"row-717724356\">\n\n\t<div id=\"col-1900955388\" class=\"col medium-7 small-12 large-7\"  >\n\t\t\t\t<div class=\"col-inner\"  >\n\t\t\t\n\t\t\t\n\n\t<section class=\"section\" id=\"section_795746436\">\n\t\t<div class=\"section-bg fill\" >\n\t\t\t\t\t\t\t\t\t\n\t\t\t\n\n\t\t<\/div>\n\n\t\t\n\n\t\t<div class=\"section-content relative\">\n\t\t\t\n<div class=\"forminator-ui forminator-custom-form forminator-custom-form-270 forminator-design--bold  forminator_ajax\" data-forminator-render=\"0\" data-form=\"forminator-module-270\" data-uid=\"69e016a96757c\"><br\/><\/div><form\n\t\t\t\tid=\"forminator-module-270\"\n\t\t\t\tclass=\"forminator-ui forminator-custom-form forminator-custom-form-270 forminator-design--bold  forminator_ajax\"\n\t\t\t\tmethod=\"post\"\n\t\t\t\tdata-forminator-render=\"0\"\n\t\t\t\tdata-form-id=\"270\"\n\t\t\t\t\n\t\t\t\tdata-design=\"bold\"\n\t\t\t\t\n\t\t\t\t\n\t\t\t\t\n\t\t\t\tdata-grid=\"open\"\n\t\t\t\t\n\t\t\t\t\n\t\t\t\tstyle=\"display: none;\"\n\t\t\t\t\n\t\t\t\tdata-uid=\"69e016a96757c\"\n\t\t\t><div role=\"alert\" aria-live=\"polite\" class=\"forminator-response-message forminator-error\" aria-hidden=\"true\"><\/div><div class=\"forminator-row\"><div id=\"checkbox-1\" class=\"forminator-field-checkbox forminator-col forminator-col-12 \"><div role=\"group\" class=\"forminator-field\" aria-labelledby=\"forminator-checkbox-group-forminator-field-checkbox-1-69e016a96757c-label\"><span id=\"forminator-checkbox-group-forminator-field-checkbox-1-69e016a96757c-label\" class=\"forminator-label\">Servicios<\/span><label id=\"forminator-field-checkbox-1-1-69e016a96757c-label\" for=\"forminator-field-checkbox-1-1-69e016a96757c\" class=\"forminator-checkbox\" title=\"Limpieza\"><input type=\"checkbox\" name=\"checkbox-1[]\" value=\"service-1\" id=\"forminator-field-checkbox-1-1-69e016a96757c\" aria-labelledby=\"forminator-field-checkbox-1-1-69e016a96757c-label\" data-calculation=\"0\"  \/><span class=\"forminator-checkbox-box\" aria-hidden=\"true\"><\/span><span class=\"forminator-checkbox-label\">Limpieza<\/span><\/label><label id=\"forminator-field-checkbox-1-2-69e016a96757c-label\" for=\"forminator-field-checkbox-1-2-69e016a96757c\" class=\"forminator-checkbox\" title=\"Sanitaria\"><input type=\"checkbox\" name=\"checkbox-1[]\" value=\"service-2\" id=\"forminator-field-checkbox-1-2-69e016a96757c\" aria-labelledby=\"forminator-field-checkbox-1-2-69e016a96757c-label\" data-calculation=\"0\"  \/><span class=\"forminator-checkbox-box\" aria-hidden=\"true\"><\/span><span class=\"forminator-checkbox-label\">Sanitaria<\/span><\/label><label id=\"forminator-field-checkbox-1-3-69e016a96757c-label\" for=\"forminator-field-checkbox-1-3-69e016a96757c\" class=\"forminator-checkbox\" title=\"Porter\u00eda\"><input type=\"checkbox\" name=\"checkbox-1[]\" value=\"Porter\u00eda\" id=\"forminator-field-checkbox-1-3-69e016a96757c\" aria-labelledby=\"forminator-field-checkbox-1-3-69e016a96757c-label\" data-calculation=\"0\"  \/><span class=\"forminator-checkbox-box\" aria-hidden=\"true\"><\/span><span class=\"forminator-checkbox-label\">Porter\u00eda<\/span><\/label><\/div><\/div><\/div><div class=\"forminator-row\"><div id=\"textarea-1\" class=\"forminator-field-textarea forminator-col forminator-col-12 \"><div class=\"forminator-field\"><label for=\"forminator-field-textarea-1_69e016a96757c\" id=\"forminator-field-textarea-1_69e016a96757c-label\" class=\"forminator-label\">Notas adicionales<\/label><span id=\"forminator-field-textarea-1_69e016a96757c-description\" class=\"forminator-description\"><span data-limit=\"180\" data-type=\"characters\" data-editor=\"\">0 \/ 180<\/span><\/span><textarea name=\"textarea-1\" placeholder=\"\" id=\"forminator-field-textarea-1_69e016a96757c\" class=\"forminator-textarea\" rows=\"6\" style=\"min-height:140px;\" maxlength=\"180\" ><\/textarea><\/div><\/div><\/div><div class=\"forminator-row\"><div id=\"name-1\" class=\"forminator-field-name forminator-col forminator-col-12 \"><div class=\"forminator-row forminator-no-margin\" data-multiple=\"true\"><div class=\"forminator-col forminator-col-md-6\"><div class=\"forminator-field\"><label for=\"forminator-field-first-name-1_69e016a96757c\" id=\"forminator-field-first-name-1_69e016a96757c-label\" class=\"forminator-label\">Nombre <span class=\"forminator-required\">*<\/span><\/label><input type=\"text\" name=\"name-1-first-name\" placeholder=\"\" id=\"forminator-field-first-name-1_69e016a96757c\" class=\"forminator-input\" aria-required=\"true\" data-multi=\"1\" value=\"\" \/><\/div><\/div><div class=\"forminator-col forminator-col-md-6\"><div class=\"forminator-field\"><label for=\"forminator-field-last-name-1_69e016a96757c\" id=\"forminator-field-last-name-1_69e016a96757c-label\" class=\"forminator-label\">Apellidos <span class=\"forminator-required\">*<\/span><\/label><input type=\"text\" name=\"name-1-last-name\" placeholder=\"\" id=\"forminator-field-last-name-1_69e016a96757c\" class=\"forminator-input\" aria-required=\"true\" data-multi=\"1\" value=\"\" \/><\/div><\/div><\/div><\/div><\/div><div class=\"forminator-row\"><div id=\"email-1\" class=\"forminator-field-email forminator-col forminator-col-12 \"><div class=\"forminator-field\"><label for=\"forminator-field-email-1_69e016a96757c\" id=\"forminator-field-email-1_69e016a96757c-label\" class=\"forminator-label\">Direcci\u00f3n de correo electr\u00f3nico <span class=\"forminator-required\">*<\/span><\/label><input type=\"email\" name=\"email-1\" value=\"\" placeholder=\"\" id=\"forminator-field-email-1_69e016a96757c\" class=\"forminator-input forminator-email--field\" data-required=\"true\" aria-required=\"true\" \/><\/div><\/div><\/div><div class=\"forminator-row\"><div id=\"phone-1\" class=\"forminator-field-phone forminator-col forminator-col-12 \"><div class=\"forminator-field\"><label for=\"forminator-field-phone-1_69e016a96757c\" id=\"forminator-field-phone-1_69e016a96757c-label\" class=\"forminator-label\">N\u00famero de tel\u00e9fono <span class=\"forminator-required\">*<\/span><\/label><input type=\"text\" name=\"phone-1\" value=\"\" placeholder=\"\" id=\"forminator-field-phone-1_69e016a96757c\" class=\"forminator-input forminator-field--phone\" data-required=\"1\" aria-required=\"true\" autocomplete=\"off\" data-validation=\"1\" \/><\/div><\/div><\/div><input type=\"hidden\" name=\"referer_url\" value=\"\" \/><div class=\"forminator-row forminator-row-last\"><div class=\"forminator-col\"><div class=\"forminator-field\"><button class=\"forminator-button forminator-button-submit\">Solicitar cotizaci&oacute;n<\/button><\/div><\/div><\/div><input type=\"hidden\" id=\"forminator_nonce\" name=\"forminator_nonce\" value=\"9233243bb3\" \/><input type=\"hidden\" name=\"_wp_http_referer\" value=\"\/index.php\/wp-json\/wp\/v2\/pages\/84\" \/><input type=\"hidden\" name=\"form_id\" value=\"270\"><input type=\"hidden\" name=\"page_id\" value=\"84\"><input type=\"hidden\" name=\"form_type\" value=\"default\"><input type=\"hidden\" name=\"current_url\" value=\"https:\/\/belhouse.uy\/index.php\/contactanos\/\"><input type=\"hidden\" name=\"render_id\" value=\"0\"><input type=\"hidden\" name=\"action\" value=\"forminator_submit_form_custom-forms\"><\/form>\n\t\t<\/div>\n\n\t\t\n<style>\n#section_795746436 {\n  padding-top: 30px;\n  padding-bottom: 30px;\n}\n<\/style>\n\t<\/section>\n\t\n\t\t<\/div>\n\t\t\t\t\t<\/div>\n\n\t\n\n\t<div id=\"col-1767464425\" class=\"col medium-5 small-12 large-5\"  >\n\t\t\t\t<div class=\"col-inner\"  >\n\t\t\t\n\t\t\t\n\t<div class=\"img has-hover x md-x lg-x y md-y lg-y\" id=\"image_821166464\">\n\t\t\t\t\t\t\t\t<div class=\"img-inner dark\" >\n\t\t\t<img loading=\"lazy\" decoding=\"async\" width=\"1020\" height=\"505\" src=\"https:\/\/belhouse.uy\/wp-content\/uploads\/2025\/06\/contactanos-1024x507.png\" class=\"attachment-large size-large\" alt=\"\" srcset=\"https:\/\/belhouse.uy\/wp-content\/uploads\/2025\/06\/contactanos-1024x507.png 1024w, https:\/\/belhouse.uy\/wp-content\/uploads\/2025\/06\/contactanos-300x149.png 300w, https:\/\/belhouse.uy\/wp-content\/uploads\/2025\/06\/contactanos-768x380.png 768w, https:\/\/belhouse.uy\/wp-content\/uploads\/2025\/06\/contactanos-1536x761.png 1536w, https:\/\/belhouse.uy\/wp-content\/uploads\/2025\/06\/contactanos-2048x1015.png 2048w\" sizes=\"auto, (max-width: 1020px) 100vw, 1020px\" \/>\t\t\t\t\t\t\n\t\t\t\t\t<\/div>\n\t\t\t\t\t\t\t\t\n<style>\n#image_821166464 {\n  width: 100%;\n}\n<\/style>\n\t<\/div>\n\t\n\t<div id=\"text-3899176685\" class=\"text\">\n\t\t\n<h4 class=\"contact-trigger__title\">Comunicate con nosotros<\/h4>\n<p class=\"contact-trigger__text\">A la brevedad te contactaremos para evacuar tu consulta.<\/p>\n\t\t\n<style>\n#text-3899176685 {\n  font-size: 1rem;\n  line-height: 1.7;\n}\n<\/style>\n\t<\/div>\n\t\n\t\t<\/div>\n\t\t\t\t\t<\/div>\n\n\t\n<\/div>\n","protected":false},"excerpt":{"rendered":"","protected":false},"author":1,"featured_media":0,"parent":0,"menu_order":0,"comment_status":"closed","ping_status":"closed","template":"page-blank.php","meta":{"footnotes":""},"class_list":["post-84","page","type-page","status-publish","hentry"],"_links":{"self":[{"href":"https:\/\/belhouse.uy\/index.php\/wp-json\/wp\/v2\/pages\/84","targetHints":{"allow":["GET"]}}],"collection":[{"href":"https:\/\/belhouse.uy\/index.php\/wp-json\/wp\/v2\/pages"}],"about":[{"href":"https:\/\/belhouse.uy\/index.php\/wp-json\/wp\/v2\/types\/page"}],"author":[{"embeddable":true,"href":"https:\/\/belhouse.uy\/index.php\/wp-json\/wp\/v2\/users\/1"}],"replies":[{"embeddable":true,"href":"https:\/\/belhouse.uy\/index.php\/wp-json\/wp\/v2\/comments?post=84"}],"version-history":[{"count":17,"href":"https:\/\/belhouse.uy\/index.php\/wp-json\/wp\/v2\/pages\/84\/revisions"}],"predecessor-version":[{"id":272,"href":"https:\/\/belhouse.uy\/index.php\/wp-json\/wp\/v2\/pages\/84\/revisions\/272"}],"wp:attachment":[{"href":"https:\/\/belhouse.uy\/index.php\/wp-json\/wp\/v2\/media?parent=84"}],"curies":[{"name":"wp","href":"https:\/\/api.w.org\/{rel}","templated":true}]}}