{"id":153,"date":"2025-06-19T03:36:50","date_gmt":"2025-06-19T03:36:50","guid":{"rendered":"https:\/\/belhouse.uy\/wordpress\/?page_id=153"},"modified":"2025-06-27T11:43:32","modified_gmt":"2025-06-27T14:43:32","slug":"nuestros-servicios","status":"publish","type":"page","link":"https:\/\/belhouse.uy\/index.php\/nuestros-servicios\/","title":{"rendered":"Nuestros Servicios"},"content":{"rendered":"<div class=\"row\"  id=\"row-307173743\">\n\n\t<div id=\"col-714121095\" class=\"col medium-7 small-12 large-7\"  >\n\t\t\t\t<div class=\"col-inner\"  >\n\t\t\t\n\t\t\t\n\t<div class=\"box has-hover  show-for-small has-hover box-text-bottom\" >\n\n\t\t<div class=\"box-image\" >\n\t\t\t\t\t\t<div class=\"image-cover\" style=\"padding-top:270px;\">\n\t\t\t\t<img loading=\"lazy\" decoding=\"async\" width=\"2048\" height=\"2048\" src=\"https:\/\/belhouse.uy\/wp-content\/uploads\/2025\/06\/Gemini_Generated_Image_f0l4omf0l4omf0l4.png\" class=\"attachment- size-\" alt=\"\" srcset=\"https:\/\/belhouse.uy\/wp-content\/uploads\/2025\/06\/Gemini_Generated_Image_f0l4omf0l4omf0l4.png 2048w, https:\/\/belhouse.uy\/wp-content\/uploads\/2025\/06\/Gemini_Generated_Image_f0l4omf0l4omf0l4-300x300.png 300w, https:\/\/belhouse.uy\/wp-content\/uploads\/2025\/06\/Gemini_Generated_Image_f0l4omf0l4omf0l4-1024x1024.png 1024w, https:\/\/belhouse.uy\/wp-content\/uploads\/2025\/06\/Gemini_Generated_Image_f0l4omf0l4omf0l4-150x150.png 150w, https:\/\/belhouse.uy\/wp-content\/uploads\/2025\/06\/Gemini_Generated_Image_f0l4omf0l4omf0l4-768x768.png 768w, https:\/\/belhouse.uy\/wp-content\/uploads\/2025\/06\/Gemini_Generated_Image_f0l4omf0l4omf0l4-1536x1536.png 1536w\" sizes=\"auto, (max-width: 2048px) 100vw, 2048px\" \/>\t\t\t\t\t\t\t\t\t\t\t<\/div>\n\t\t\t\t\t<\/div>\n\n\t\t<div class=\"box-text text-center\" >\n\t\t\t<div class=\"box-text-inner\">\n\t\t\t\t\n<p><i class=\"fa-solid fa-list-check\"><\/i> <strong>Eleg\u00ed entre todos nuestros servicios:<\/strong> encontr\u00e1 la opci\u00f3n perfecta para tus necesidades y dej\u00e1 el resto en nuestras manos.<\/p>\n\t\t\t<\/div>\n\t\t<\/div>\n\t<\/div>\n\t\n<div class=\"accordion\">\n\t<div id=\"accordion-2675233696\" class=\"accordion-item\">\n\t\t<a id=\"accordion-2675233696-label\" class=\"accordion-title plain active\" href=\"#limpieza\" aria-expanded=\"true\" aria-controls=\"accordion-2675233696-content\" >\n\t\t\t<button class=\"toggle\" aria-label=\"Toggle\"><i class=\"icon-angle-down\"><\/i><\/button>\n\t\t\t<span>DETALLE DE SERVICIO DE LIMPIEZA<\/span>\n\t\t<\/a>\n\t\t<div id=\"accordion-2675233696-content\" class=\"accordion-inner\" style=\"display: block;\" aria-labelledby=\"accordion-2675233696-label\" >\n\t\t\t\n\t<div class=\"img has-hover x md-x lg-x y md-y lg-y\" id=\"image_29006584\">\n\t\t<a class=\"\" href=\"https:\/\/belhouse.uy\/wordpress\/wp-content\/uploads\/2025\/06\/limpiezacompleto.png\" target=\"_blank\" rel=\"noopener\" >\t\t\t\t\t\t<div class=\"img-inner dark\" >\n\t\t\t<img loading=\"lazy\" decoding=\"async\" width=\"681\" height=\"680\" src=\"https:\/\/belhouse.uy\/wp-content\/uploads\/2025\/06\/limpiezacompleto.png\" class=\"attachment-large size-large\" alt=\"\" srcset=\"https:\/\/belhouse.uy\/wp-content\/uploads\/2025\/06\/limpiezacompleto.png 681w, https:\/\/belhouse.uy\/wp-content\/uploads\/2025\/06\/limpiezacompleto-300x300.png 300w, https:\/\/belhouse.uy\/wp-content\/uploads\/2025\/06\/limpiezacompleto-150x150.png 150w\" sizes=\"auto, (max-width: 681px) 100vw, 681px\" \/>\t\t\t\t\t\t\n\t\t\t\t\t<\/div>\n\t\t\t\t\t\t<\/a>\t\t\n<style>\n#image_29006584 {\n  width: 100%;\n}\n<\/style>\n\t<\/div>\n\t\n\t\t<\/div>\n\t<\/div>\n\t\n\t<div id=\"accordion-1248043409\" class=\"accordion-item\">\n\t\t<a id=\"accordion-1248043409-label\" class=\"accordion-title plain\" href=\"#sanitaria\" aria-expanded=\"false\" aria-controls=\"accordion-1248043409-content\" >\n\t\t\t<button class=\"toggle\" aria-label=\"Toggle\"><i class=\"icon-angle-down\"><\/i><\/button>\n\t\t\t<span>DETALLE DE SERVICIO DE SANITARIA<\/span>\n\t\t<\/a>\n\t\t<div id=\"accordion-1248043409-content\" class=\"accordion-inner\" aria-labelledby=\"accordion-1248043409-label\" >\n\t\t\t\n\t<div class=\"img has-hover x md-x lg-x y md-y lg-y\" id=\"image_2006079887\">\n\t\t<a class=\"\" href=\"https:\/\/belhouse.uy\/wordpress\/wp-content\/uploads\/2025\/06\/sanitaria-completo.png\" target=\"_blank\" rel=\"noopener\" >\t\t\t\t\t\t<div class=\"img-inner dark\" >\n\t\t\t<img loading=\"lazy\" decoding=\"async\" width=\"683\" height=\"573\" src=\"https:\/\/belhouse.uy\/wp-content\/uploads\/2025\/06\/sanitaria-completo.png\" class=\"attachment-large size-large\" alt=\"\" srcset=\"https:\/\/belhouse.uy\/wp-content\/uploads\/2025\/06\/sanitaria-completo.png 683w, https:\/\/belhouse.uy\/wp-content\/uploads\/2025\/06\/sanitaria-completo-300x252.png 300w\" sizes=\"auto, (max-width: 683px) 100vw, 683px\" \/>\t\t\t\t\t\t\n\t\t\t\t\t<\/div>\n\t\t\t\t\t\t<\/a>\t\t\n<style>\n#image_2006079887 {\n  width: 100%;\n}\n<\/style>\n\t<\/div>\n\t\n\t\t<\/div>\n\t<\/div>\n\t\n\t<div id=\"accordion-3268892074\" class=\"accordion-item\">\n\t\t<a id=\"accordion-3268892074-label\" class=\"accordion-title plain\" href=\"#porteria\" aria-expanded=\"false\" aria-controls=\"accordion-3268892074-content\" >\n\t\t\t<button class=\"toggle\" aria-label=\"Toggle\"><i class=\"icon-angle-down\"><\/i><\/button>\n\t\t\t<span>DETALLE DE SERVICIO DE PORTERIA<\/span>\n\t\t<\/a>\n\t\t<div id=\"accordion-3268892074-content\" class=\"accordion-inner\" aria-labelledby=\"accordion-3268892074-label\" >\n\t\t\t\n\t<div class=\"img has-hover x md-x lg-x y md-y lg-y\" id=\"image_945778622\">\n\t\t<a class=\"\" href=\"https:\/\/belhouse.uy\/wordpress\/wp-content\/uploads\/2025\/06\/porteria.png\" target=\"_blank\" rel=\"noopener\" >\t\t\t\t\t\t<div class=\"img-inner dark\" >\n\t\t\t<img loading=\"lazy\" decoding=\"async\" width=\"681\" height=\"639\" src=\"https:\/\/belhouse.uy\/wp-content\/uploads\/2025\/06\/porteria.png\" class=\"attachment-large size-large\" alt=\"\" srcset=\"https:\/\/belhouse.uy\/wp-content\/uploads\/2025\/06\/porteria.png 681w, https:\/\/belhouse.uy\/wp-content\/uploads\/2025\/06\/porteria-300x281.png 300w\" sizes=\"auto, (max-width: 681px) 100vw, 681px\" \/>\t\t\t\t\t\t\n\t\t\t\t\t<\/div>\n\t\t\t\t\t\t<\/a>\t\t\n<style>\n#image_945778622 {\n  width: 100%;\n}\n<\/style>\n\t<\/div>\n\t\n\t\t<\/div>\n\t<\/div>\n\t\n<\/div>\n\t\t<\/div>\n\t\t\t\t\t<\/div>\n\n\t\n\n\t<div id=\"col-628936591\" class=\"col hide-for-small medium-5 small-12 large-5\"  >\n\t\t\t\t<div class=\"col-inner\"  >\n\t\t\t\n\t\t\t\n\t<div class=\"box has-hover   has-hover box-text-bottom\" >\n\n\t\t<div class=\"box-image\" >\n\t\t\t\t\t\t<div class=\"image-cover\" style=\"padding-top:270px;\">\n\t\t\t\t<img loading=\"lazy\" decoding=\"async\" width=\"2048\" height=\"2048\" src=\"https:\/\/belhouse.uy\/wp-content\/uploads\/2025\/06\/Gemini_Generated_Image_mn9d83mn9d83mn9d.png\" class=\"attachment- size-\" alt=\"\" srcset=\"https:\/\/belhouse.uy\/wp-content\/uploads\/2025\/06\/Gemini_Generated_Image_mn9d83mn9d83mn9d.png 2048w, https:\/\/belhouse.uy\/wp-content\/uploads\/2025\/06\/Gemini_Generated_Image_mn9d83mn9d83mn9d-300x300.png 300w, https:\/\/belhouse.uy\/wp-content\/uploads\/2025\/06\/Gemini_Generated_Image_mn9d83mn9d83mn9d-1024x1024.png 1024w, https:\/\/belhouse.uy\/wp-content\/uploads\/2025\/06\/Gemini_Generated_Image_mn9d83mn9d83mn9d-150x150.png 150w, https:\/\/belhouse.uy\/wp-content\/uploads\/2025\/06\/Gemini_Generated_Image_mn9d83mn9d83mn9d-768x768.png 768w, https:\/\/belhouse.uy\/wp-content\/uploads\/2025\/06\/Gemini_Generated_Image_mn9d83mn9d83mn9d-1536x1536.png 1536w\" sizes=\"auto, (max-width: 2048px) 100vw, 2048px\" \/>\t\t\t\t\t\t\t\t\t\t\t<\/div>\n\t\t\t\t\t<\/div>\n\n\t\t<div class=\"box-text text-center\" >\n\t\t\t<div class=\"box-text-inner\">\n\t\t\t\t\n\t<div id=\"text-3073820050\" class=\"text\">\n\t\t\n<p><i class=\"fa-solid fa-list-check\"><\/i> <strong>Eleg\u00ed entre todos nuestros servicios:<\/strong><\/p>\n<p>encontr\u00e1 la opci\u00f3n perfecta para tus necesidades y dej\u00e1 el resto en nuestras manos.<\/p>\n\t\t\n<style>\n#text-3073820050 {\n  font-size: 1.1rem;\n  line-height: 1.4;\n  text-align: left;\n}\n<\/style>\n\t<\/div>\n\t\n\t\t\t<\/div>\n\t\t<\/div>\n\t<\/div>\n\t\n\t\t<\/div>\n\t\t\t\t\t<\/div>\n\n\t\n<\/div>\n\n\n","protected":false},"excerpt":{"rendered":"","protected":false},"author":1,"featured_media":0,"parent":0,"menu_order":0,"comment_status":"closed","ping_status":"closed","template":"","meta":{"footnotes":""},"class_list":["post-153","page","type-page","status-publish","hentry"],"_links":{"self":[{"href":"https:\/\/belhouse.uy\/index.php\/wp-json\/wp\/v2\/pages\/153","targetHints":{"allow":["GET"]}}],"collection":[{"href":"https:\/\/belhouse.uy\/index.php\/wp-json\/wp\/v2\/pages"}],"about":[{"href":"https:\/\/belhouse.uy\/index.php\/wp-json\/wp\/v2\/types\/page"}],"author":[{"embeddable":true,"href":"https:\/\/belhouse.uy\/index.php\/wp-json\/wp\/v2\/users\/1"}],"replies":[{"embeddable":true,"href":"https:\/\/belhouse.uy\/index.php\/wp-json\/wp\/v2\/comments?post=153"}],"version-history":[{"count":37,"href":"https:\/\/belhouse.uy\/index.php\/wp-json\/wp\/v2\/pages\/153\/revisions"}],"predecessor-version":[{"id":419,"href":"https:\/\/belhouse.uy\/index.php\/wp-json\/wp\/v2\/pages\/153\/revisions\/419"}],"wp:attachment":[{"href":"https:\/\/belhouse.uy\/index.php\/wp-json\/wp\/v2\/media?parent=153"}],"curies":[{"name":"wp","href":"https:\/\/api.w.org\/{rel}","templated":true}]}}